{"id":6285,"date":"2024-11-13T07:57:39","date_gmt":"2024-11-13T07:57:39","guid":{"rendered":"https:\/\/cartagena.ro\/?page_id=6285"},"modified":"2025-07-02T11:33:56","modified_gmt":"2025-07-02T11:33:56","slug":"studio-cartagena-residence","status":"publish","type":"page","link":"https:\/\/cartagena.ro\/en\/studio-cartagena-residence\/","title":{"rendered":"Cartagena Residence Studio"},"content":{"rendered":"<div data-elementor-type=\"wp-post\" data-elementor-id=\"6285\" class=\"elementor elementor-6285\">\n\t\t\t\t<div class=\"elementor-element elementor-element-d11f04f e-flex e-con-boxed e-con e-parent\" data-id=\"d11f04f\" data-element_type=\"container\">\n\t\t\t\t\t<div class=\"e-con-inner\">\n\t\t<div class=\"elementor-element elementor-element-66f4f9b e-con-full e-flex e-con e-child\" data-id=\"66f4f9b\" data-element_type=\"container\">\n\t\t\t\t<div class=\"elementor-element elementor-element-50742af elementor-align-center elementor-mobile-align-center elementor-widget__width-initial elementor-widget elementor-widget-heading\" data-id=\"50742af\" data-element_type=\"widget\" data-widget_type=\"heading.default\">\n\t\t\t\t<div class=\"elementor-widget-container\">\n\t\t\t\t\t<span class=\"sub-title\">Cartagena Residence<\/span><h2 class=\"elementor-heading-title elementor-size-default\">Holiday studio in Mamaia Nord<\/h2>\t\t\t\t<\/div>\n\t\t\t\t<\/div>\n\t\t\t\t<div class=\"elementor-element elementor-element-dbdfb89 elementor-widget elementor-widget-text-editor\" data-id=\"dbdfb89\" data-element_type=\"widget\" data-widget_type=\"text-editor.default\">\n\t\t\t\t<div class=\"elementor-widget-container\">\n\t\t\t\t\t        <div class=\"elementor-text-editor elementor-clearfix\"><p>SURFACE 24 m<sup>2 <\/sup>| MAX. 2 PEOPLE<\/p><\/div>\n        \t\t\t\t<\/div>\n\t\t\t\t<\/div>\n\t\t\t\t<div class=\"elementor-element elementor-element-6439d10 elementor-widget elementor-widget-image\" data-id=\"6439d10\" data-element_type=\"widget\" data-widget_type=\"image.default\">\n\t\t\t\t<div class=\"elementor-widget-container\">\n\t\t\t\t\t\t\t\t\t\t\t\t\t\t\t<img fetchpriority=\"high\" decoding=\"async\" width=\"1340\" height=\"628\" src=\"https:\/\/cartagena.ro\/wp-content\/uploads\/2024\/11\/studio-header-descriere-cartagena.webp\" class=\"attachment-full size-full wp-image-6482\" alt=\"Studio header descriere cartagena\" srcset=\"https:\/\/cartagena.ro\/wp-content\/uploads\/2024\/11\/studio-header-descriere-cartagena.webp 1340w, https:\/\/cartagena.ro\/wp-content\/uploads\/2024\/11\/studio-header-descriere-cartagena-300x141.webp 300w, https:\/\/cartagena.ro\/wp-content\/uploads\/2024\/11\/studio-header-descriere-cartagena-1024x480.webp 1024w, https:\/\/cartagena.ro\/wp-content\/uploads\/2024\/11\/studio-header-descriere-cartagena-768x360.webp 768w, https:\/\/cartagena.ro\/wp-content\/uploads\/2024\/11\/studio-header-descriere-cartagena-18x8.webp 18w, https:\/\/cartagena.ro\/wp-content\/uploads\/2024\/11\/studio-header-descriere-cartagena-700x328.webp 700w\" sizes=\"(max-width: 1340px) 100vw, 1340px\" \/>\t\t\t\t\t\t\t\t\t\t\t\t\t\t\t<\/div>\n\t\t\t\t<\/div>\n\t\t\t\t<div class=\"elementor-element elementor-element-b9bd97b elementor-widget__width-initial elementor-widget elementor-widget-text-editor\" data-id=\"b9bd97b\" data-element_type=\"widget\" data-widget_type=\"text-editor.default\">\n\t\t\t\t<div class=\"elementor-widget-container\">\n\t\t\t\t\t        <div class=\"elementor-text-editor elementor-clearfix\"><p><strong>Studio Cartagena Residence<\/strong>, an oasis of elegance and comfort located in the heart of Mamaia Nord resort! This modern and refined studio is perfectly positioned to provide easy access to all the area's attractions and the numerous shops nearby. With just a 5\/7-minute walk to the beach, you will be able to enjoy the charms of the Black Sea every day.<\/p><p>The studio's interior design is created to combine contemporary comfort with the relaxing atmosphere of seaside holidays. Every detail has been thought out to ensure a comfortable and enjoyable stay: from the kitchen ideal for cooking quick snacks, to the flat-screen TV and high-speed wireless internet, all the necessary amenities are at your disposal. You also benefit from air conditioning and free parking.<\/p><p><strong>Studio Cartagena Residence<\/strong> is the ideal place for a memorable holiday, where modern elegance meets the natural beauty of the Black Sea. We invite you to relax and savour every moment of your stay!<\/p><\/div>\n        \t\t\t\t<\/div>\n\t\t\t\t<\/div>\n\t\t\t\t<div class=\"elementor-element elementor-element-fb54862 elementor-hidden-mobile elementor-hidden-tablet elementor-widget elementor-widget-opal-image-gallery\" data-id=\"fb54862\" data-element_type=\"widget\" data-widget_type=\"opal-image-gallery.default\">\n\t\t\t\t<div class=\"elementor-widget-container\">\n\t\t\t\t\t        <div class=\"elementor-opal-image-gallery\">\n                        <div class=\"row grid gallery-visibility isotope-grid\" data-elementor-columns=\"4\">\n                                        <div class=\"column-item grid__item masonry-item __all gallery_group_0\">\n                            <a data-elementor-open-lightbox=\"no\"                                href=\"https:\/\/cartagena.ro\/wp-content\/uploads\/2024\/11\/studio-cartagena-04.webp\">\n                                <img decoding=\"async\" src=\"https:\/\/cartagena.ro\/wp-content\/uploads\/2024\/11\/studio-cartagena-04-600x390.webp\"\n                                     alt=\"studio-cartagena-04\"\/>\n                                <div class=\"gallery-item-overlay\">\n                                    <i class=\"opal-icon-search\"><\/i>\n                                <\/div>\n                            <\/a>\n                        <\/div>\n                                                <div class=\"column-item grid__item masonry-item __all gallery_group_0\">\n                            <a data-elementor-open-lightbox=\"no\"                                href=\"https:\/\/cartagena.ro\/wp-content\/uploads\/2024\/11\/studio-cartagena-01.webp\">\n                                <img decoding=\"async\" src=\"https:\/\/cartagena.ro\/wp-content\/uploads\/2024\/11\/studio-cartagena-01-600x390.webp\"\n                                     alt=\"studio-cartagena-01\"\/>\n                                <div class=\"gallery-item-overlay\">\n                                    <i class=\"opal-icon-search\"><\/i>\n                                <\/div>\n                            <\/a>\n                        <\/div>\n                                                <div class=\"column-item grid__item masonry-item __all gallery_group_0\">\n                            <a data-elementor-open-lightbox=\"no\"                                href=\"https:\/\/cartagena.ro\/wp-content\/uploads\/2024\/11\/studio-cartagena-02.webp\">\n                                <img decoding=\"async\" src=\"https:\/\/cartagena.ro\/wp-content\/uploads\/2024\/11\/studio-cartagena-02-600x390.webp\"\n                                     alt=\"studio-cartagena-02\"\/>\n                                <div class=\"gallery-item-overlay\">\n                                    <i class=\"opal-icon-search\"><\/i>\n                                <\/div>\n                            <\/a>\n                        <\/div>\n                                                <div class=\"column-item grid__item masonry-item __all gallery_group_0\">\n                            <a data-elementor-open-lightbox=\"no\"                                href=\"https:\/\/cartagena.ro\/wp-content\/uploads\/2024\/11\/studio-cartagena-03.webp\">\n                                <img decoding=\"async\" src=\"https:\/\/cartagena.ro\/wp-content\/uploads\/2024\/11\/studio-cartagena-03-600x390.webp\"\n                                     alt=\"studio-cartagena-03\"\/>\n                                <div class=\"gallery-item-overlay\">\n                                    <i class=\"opal-icon-search\"><\/i>\n                                <\/div>\n                            <\/a>\n                        <\/div>\n                                    <\/div>\n        <\/div>\n        \t\t\t\t<\/div>\n\t\t\t\t<\/div>\n\t\t\t\t<div class=\"elementor-element elementor-element-6305498 elementor-hidden-desktop elementor-widget elementor-widget-opal-image-gallery\" data-id=\"6305498\" data-element_type=\"widget\" data-widget_type=\"opal-image-gallery.default\">\n\t\t\t\t<div class=\"elementor-widget-container\">\n\t\t\t\t\t        <div class=\"elementor-opal-image-gallery active-animation-play\">\n                            <div class=\"row grid gallery-visibility\" data-elementor-columns=\"1\">\n                                            <div class=\"column-item grid__item masonry-item __all gallery_group_0\">\n                            <a data-elementor-open-lightbox=\"no\"                                href=\"https:\/\/cartagena.ro\/wp-content\/uploads\/2024\/11\/studio-cartagena-04.webp\">\n                                <img decoding=\"async\" src=\"https:\/\/cartagena.ro\/wp-content\/uploads\/2024\/11\/studio-cartagena-04-600x390.webp\"\n                                     alt=\"studio-cartagena-04\"\/>\n                                <div class=\"gallery-item-overlay\">\n                                    <i class=\"opal-icon-search\"><\/i>\n                                <\/div>\n                            <\/a>\n                        <\/div>\n                                                <div class=\"column-item grid__item masonry-item __all gallery_group_0\">\n                            <a data-elementor-open-lightbox=\"no\"                                href=\"https:\/\/cartagena.ro\/wp-content\/uploads\/2024\/11\/studio-cartagena-02.webp\">\n                                <img decoding=\"async\" src=\"https:\/\/cartagena.ro\/wp-content\/uploads\/2024\/11\/studio-cartagena-02-600x390.webp\"\n                                     alt=\"studio-cartagena-02\"\/>\n                                <div class=\"gallery-item-overlay\">\n                                    <i class=\"opal-icon-search\"><\/i>\n                                <\/div>\n                            <\/a>\n                        <\/div>\n                                                <div class=\"column-item grid__item masonry-item __all gallery_group_0\">\n                            <a data-elementor-open-lightbox=\"no\"                                href=\"https:\/\/cartagena.ro\/wp-content\/uploads\/2024\/11\/studio-cartagena-01.webp\">\n                                <img decoding=\"async\" src=\"https:\/\/cartagena.ro\/wp-content\/uploads\/2024\/11\/studio-cartagena-01-600x390.webp\"\n                                     alt=\"studio-cartagena-01\"\/>\n                                <div class=\"gallery-item-overlay\">\n                                    <i class=\"opal-icon-search\"><\/i>\n                                <\/div>\n                            <\/a>\n                        <\/div>\n                                                <div class=\"column-item grid__item masonry-item __all gallery_group_0\">\n                            <a data-elementor-open-lightbox=\"no\"                                href=\"https:\/\/cartagena.ro\/wp-content\/uploads\/2024\/11\/studio-cartagena-03.webp\">\n                                <img decoding=\"async\" src=\"https:\/\/cartagena.ro\/wp-content\/uploads\/2024\/11\/studio-cartagena-03-600x390.webp\"\n                                     alt=\"studio-cartagena-03\"\/>\n                                <div class=\"gallery-item-overlay\">\n                                    <i class=\"opal-icon-search\"><\/i>\n                                <\/div>\n                            <\/a>\n                        <\/div>\n                                        <\/div>\n                        <div class=\"row grid gallery-visibility\" data-elementor-columns=\"1\">\n                                        <div class=\"column-item grid__item masonry-item __all gallery_group_0\">\n                            <a data-elementor-open-lightbox=\"no\"                                href=\"https:\/\/cartagena.ro\/wp-content\/uploads\/2024\/11\/studio-cartagena-04.webp\">\n                                <img decoding=\"async\" src=\"https:\/\/cartagena.ro\/wp-content\/uploads\/2024\/11\/studio-cartagena-04-600x390.webp\"\n                                     alt=\"studio-cartagena-04\"\/>\n                                <div class=\"gallery-item-overlay\">\n                                    <i class=\"opal-icon-search\"><\/i>\n                                <\/div>\n                            <\/a>\n                        <\/div>\n                                                <div class=\"column-item grid__item masonry-item __all gallery_group_0\">\n                            <a data-elementor-open-lightbox=\"no\"                                href=\"https:\/\/cartagena.ro\/wp-content\/uploads\/2024\/11\/studio-cartagena-02.webp\">\n                                <img decoding=\"async\" src=\"https:\/\/cartagena.ro\/wp-content\/uploads\/2024\/11\/studio-cartagena-02-600x390.webp\"\n                                     alt=\"studio-cartagena-02\"\/>\n                                <div class=\"gallery-item-overlay\">\n                                    <i class=\"opal-icon-search\"><\/i>\n                                <\/div>\n                            <\/a>\n                        <\/div>\n                                                <div class=\"column-item grid__item masonry-item __all gallery_group_0\">\n                            <a data-elementor-open-lightbox=\"no\"                                href=\"https:\/\/cartagena.ro\/wp-content\/uploads\/2024\/11\/studio-cartagena-01.webp\">\n                                <img decoding=\"async\" src=\"https:\/\/cartagena.ro\/wp-content\/uploads\/2024\/11\/studio-cartagena-01-600x390.webp\"\n                                     alt=\"studio-cartagena-01\"\/>\n                                <div class=\"gallery-item-overlay\">\n                                    <i class=\"opal-icon-search\"><\/i>\n                                <\/div>\n                            <\/a>\n                        <\/div>\n                                                <div class=\"column-item grid__item masonry-item __all gallery_group_0\">\n                            <a data-elementor-open-lightbox=\"no\"                                href=\"https:\/\/cartagena.ro\/wp-content\/uploads\/2024\/11\/studio-cartagena-03.webp\">\n                                <img decoding=\"async\" src=\"https:\/\/cartagena.ro\/wp-content\/uploads\/2024\/11\/studio-cartagena-03-600x390.webp\"\n                                     alt=\"studio-cartagena-03\"\/>\n                                <div class=\"gallery-item-overlay\">\n                                    <i class=\"opal-icon-search\"><\/i>\n                                <\/div>\n                            <\/a>\n                        <\/div>\n                                    <\/div>\n        <\/div>\n        \t\t\t\t<\/div>\n\t\t\t\t<\/div>\n\t\t<div class=\"elementor-element elementor-element-4ccf84b e-con-full e-flex e-con e-child\" data-id=\"4ccf84b\" data-element_type=\"container\">\n\t\t\t\t<div class=\"elementor-element elementor-element-0a7f18a elementor-widget__width-initial elementor-widget elementor-widget-text-editor\" data-id=\"0a7f18a\" data-element_type=\"widget\" data-widget_type=\"text-editor.default\">\n\t\t\t\t<div class=\"elementor-widget-container\">\n\t\t\t\t\t        <div class=\"elementor-text-editor elementor-clearfix\"><p>Located in the residential complex <strong>Cartagena Residence<\/strong>Located in the northern part of Mamaia, this elegant studio offers a cosy and welcoming atmosphere, ideal for family getaways or relaxing moments by the sea, whatever the season. With a central heating system and year-round rental availability, the studio is designed to meet even the most demanding expectations.<\/p><p>Modern amenities and refined design combine elegance with functionality, creating the perfect space for a memorable experience. Every detail is designed to provide unrivalled comfort, from the cosy furnishings to the state-of-the-art amenities, all contributing to a relaxing and carefree stay. This studio is the ideal combination between the tranquillity of a home away from home and the glamour of the Romanian seaside.<\/p><\/div>\n        \t\t\t\t<\/div>\n\t\t\t\t<\/div>\n\t\t\t\t<div class=\"elementor-element elementor-element-27e36fa elementor-widget elementor-widget-text-editor\" data-id=\"27e36fa\" data-element_type=\"widget\" data-widget_type=\"text-editor.default\">\n\t\t\t\t<div class=\"elementor-widget-container\">\n\t\t\t\t\t        <div class=\"elementor-text-editor elementor-clearfix\"><ul style=\"line-height: 2.5;\"><li><strong>Design and Atmosphere:<\/strong> Tastefully furnished rooms in a warm and welcoming atmosphere, high quality parquet floors.<\/li><li><strong>Climate Comfort:<\/strong> State-of-the-art air conditioning system with heating and cooling functions for all-season comfort.<\/li><li><strong>Entertainment and Connectivity:<\/strong> Smart HD TV with internet access, comple complemented by free Wi-Fi throughout.<\/li><li><strong>Modern bathroom:<\/strong> Elegant bathroom with shower and bathtub, toiletries included, bath towels and hairdryer.<\/li><li><strong>Rest and Relaxation Spaces:<\/strong> Cosy double bed and sofa bed suitable for a family stay.<\/li><li><strong>Dining Area:<\/strong> Dining area in the living room with table and chairs.<\/li><li><strong>Outdoor Spaces and Additional Services:<\/strong> Easy access, lift and private parking for the safety of your vehicle.<\/li><\/ul><\/div>\n        \t\t\t\t<\/div>\n\t\t\t\t<\/div>\n\t\t\t\t<div class=\"elementor-element elementor-element-2c92590 elementor-widget elementor-widget-text-editor\" data-id=\"2c92590\" data-element_type=\"widget\" data-widget_type=\"text-editor.default\">\n\t\t\t\t<div class=\"elementor-widget-container\">\n\t\t\t\t\t        <div class=\"elementor-text-editor elementor-clearfix\"><strong>Check-in:<\/strong> 15:00 | <strong>Check-out:<\/strong> 11:00<\/div>\n        \t\t\t\t<\/div>\n\t\t\t\t<\/div>\n\t\t\t\t<\/div>\n\t\t\t\t<div class=\"elementor-element elementor-element-5547e4c elementor-align-center animated-fast elementor-mobile-align-center elementor-invisible elementor-widget elementor-widget-heading\" data-id=\"5547e4c\" data-element_type=\"widget\" data-settings=\"{&quot;_animation&quot;:&quot;opal-move-up&quot;}\" data-widget_type=\"heading.default\">\n\t\t\t\t<div class=\"elementor-widget-container\">\n\t\t\t\t\t<span class=\"sub-title\">Contact Form <\/span><h4 class=\"elementor-heading-title elementor-size-default\">Plan your perfect holiday! <br>\nCompleteaz\u0103 formularul de contact sau sun\u0103 la num\u0103rul \n<a href=\"tel:+40770598200\">+40 770.598.200<\/a> to request your accommodation, <br>\nand our team will get back to you as soon as possible with details and availability.\n<\/h4>\t\t\t\t<\/div>\n\t\t\t\t<\/div>\n\t\t\t\t<div class=\"elementor-element elementor-element-b584f3a elementor-align-center elementor-button-primary elementor-widget elementor-widget-button\" data-id=\"b584f3a\" data-element_type=\"widget\" data-widget_type=\"button.default\">\n\t\t\t\t<div class=\"elementor-widget-container\">\n\t\t\t\t\t        <div class=\"elementor-button-wrapper\">\n            <a href=\"https:\/\/www.turistinfo.ro\/u\/107111\" class=\"elementor-button-link elementor-button elementor-size-lg\" target=\"_blank\" role=\"button\">\n                        <span class=\"elementor-button-content-wrapper\">\n\t\t\t                <span class=\"elementor-button-icon elementor-align-icon-right\">\n\t\t\t\t<i class=\"opal-icon-long-arrow-right\" aria-hidden=\"true\"><\/i>\n\t\t\t<\/span>\n                        <span class=\"elementor-button-text\">REZERVA ACUM<\/span>\n\t\t<\/span>\n\n\n                <\/a>\n        <\/div>\n        \t\t\t\t<\/div>\n\t\t\t\t<\/div>\n\t\t<div class=\"elementor-element elementor-element-ed5538b e-con-full e-flex e-con e-child\" data-id=\"ed5538b\" data-element_type=\"container\">\n\t\t<div class=\"elementor-element elementor-element-01fc6e5 e-grid e-con-full e-con e-child\" data-id=\"01fc6e5\" data-element_type=\"container\">\n\t\t\t\t<div class=\"elementor-element elementor-element-2d16ed3 elementor-widget elementor-widget-html\" data-id=\"2d16ed3\" data-element_type=\"widget\" data-widget_type=\"html.default\">\n\t\t\t\t<div class=\"elementor-widget-container\">\n\t\t\t\t\t<iframe src=\"https:\/\/www.google.com\/maps\/embed?pb=!1m18!1m12!1m3!1d2855.594655376903!2d28.617112677292976!3d44.297724310505764!2m3!1f0!2f0!3f0!3m2!1i1024!2i768!4f13.1!3m3!1m2!1s0x40baf75243ae44c9%3A0x7016d3020b3cbc3e!2sCartagena%20Apartments!5e0!3m2!1sro!2sro!4v1731004685539!5m2!1sro!2sro\" width=\"600\" height=\"450\" style=\"border:0;\" allowfullscreen=\"\" loading=\"lazy\" referrerpolicy=\"no-referrer-when-downgrade\"><\/iframe>\t\t\t\t<\/div>\n\t\t\t\t<\/div>\n\t\t\t\t<\/div>\n\t\t\t\t<\/div>\n\t\t\t\t<\/div>\n\t\t\t\t\t<\/div>\n\t\t\t\t<\/div>\n\t\t\t\t<section class=\"elementor-section elementor-top-section elementor-element elementor-element-e4675d1 elementor-section-stretched elementor-section-boxed elementor-section-height-default elementor-section-height-default\" data-id=\"e4675d1\" data-element_type=\"section\" data-settings=\"{&quot;stretch_section&quot;:&quot;section-stretched&quot;,&quot;background_background&quot;:&quot;classic&quot;}\">\n\t\t\t\t\t\t<div class=\"elementor-container elementor-column-gap-no\">\n\t\t\t\t\t<div class=\"elementor-column elementor-col-100 elementor-top-column elementor-element elementor-element-b44d255\" data-id=\"b44d255\" data-element_type=\"column\" data-settings=\"{&quot;background_background&quot;:&quot;classic&quot;}\">\n\t\t\t<div class=\"elementor-widget-wrap elementor-element-populated\">\n\t\t\t\t\t\t<div class=\"elementor-element elementor-element-4400e5b elementor-align-center elementor-mobile-align-center elementor-widget__width-initial elementor-widget elementor-widget-heading\" data-id=\"4400e5b\" data-element_type=\"widget\" data-widget_type=\"heading.default\">\n\t\t\t\t<div class=\"elementor-widget-container\">\n\t\t\t\t\t<span class=\"sub-title\">payment options<\/span><h2 class=\"elementor-heading-title elementor-size-default\">We accept cards and<br> holiday vouchers<\/h2>\t\t\t\t<\/div>\n\t\t\t\t<\/div>\n\t\t\t\t<div class=\"elementor-element elementor-element-595f3b9 elementor-widget__width-initial elementor-widget elementor-widget-text-editor\" data-id=\"595f3b9\" data-element_type=\"widget\" data-widget_type=\"text-editor.default\">\n\t\t\t\t<div class=\"elementor-widget-container\">\n\t\t\t\t\t        <div class=\"elementor-text-editor elementor-clearfix\">Dorim sa te anun\u021b\u0103m ca unitatea noastr\u0103 Cartagena Apartaments Mamaia Nord este deschisa \u0219i \u00een extrasezon. Ai Voucher de vacan\u021b\u0103 ce expira \u00een orice luna a anului \u0219i vrei sa le valorifici? Po\u021bi opta pentru o rezervare \u00een cadrul unit\u0103\u021bii noastre, cu op\u021biunea flexibila de schimbare GRATUITA a datei rezerv\u0103rii, \u00een limita disponibilit\u0103\u021bii.\nTe a\u0219tept\u0103m \u00een Mamaia Nord pentru a te delecta cu peisaje minunate oferite de Mare indiferent de anotimp.\nSe accept\u0103 plata cu cardul de vacanta Sodexo, Edenred, UP Rom\u00e2nia! Va a\u0219tept\u0103m cu drag \u0219i in extrasezon!<\/div>\n        \t\t\t\t<\/div>\n\t\t\t\t<\/div>\n\t\t\t\t<div class=\"elementor-element elementor-element-f40c4ec elementor-widget elementor-widget-image\" data-id=\"f40c4ec\" data-element_type=\"widget\" data-widget_type=\"image.default\">\n\t\t\t\t<div class=\"elementor-widget-container\">\n\t\t\t\t\t\t\t\t\t\t\t\t\t\t\t<img decoding=\"async\" width=\"1145\" height=\"249\" src=\"https:\/\/cartagena.ro\/wp-content\/uploads\/2024\/11\/cartagena-carduri-vacanta.webp\" class=\"attachment-full size-full wp-image-5852\" alt=\"Cartagena carduri vacanta\" srcset=\"https:\/\/cartagena.ro\/wp-content\/uploads\/2024\/11\/cartagena-carduri-vacanta.webp 1145w, https:\/\/cartagena.ro\/wp-content\/uploads\/2024\/11\/cartagena-carduri-vacanta-300x65.webp 300w, https:\/\/cartagena.ro\/wp-content\/uploads\/2024\/11\/cartagena-carduri-vacanta-1024x223.webp 1024w, https:\/\/cartagena.ro\/wp-content\/uploads\/2024\/11\/cartagena-carduri-vacanta-768x167.webp 768w, https:\/\/cartagena.ro\/wp-content\/uploads\/2024\/11\/cartagena-carduri-vacanta-700x152.webp 700w\" sizes=\"(max-width: 1145px) 100vw, 1145px\" \/>\t\t\t\t\t\t\t\t\t\t\t\t\t\t\t<\/div>\n\t\t\t\t<\/div>\n\t\t\t\t\t<\/div>\n\t\t<\/div>\n\t\t\t\t\t<\/div>\n\t\t<\/section>\n\t\t\t\t<\/div>","protected":false},"excerpt":{"rendered":"<p>Cartagena Residence Studio de vacan\u021b\u0103 \u00een Mamaia Nord SUPRAFATA 24 m2 | MAX. 2 PERSOANE Cartagena Residence Studio, o oaz\u0103 de elegan\u021b\u0103 \u0219i confort situat\u0103 \u00een inima sta\u021biunii Mamaia Nord! Acest studio modern \u0219i rafinat este perfect pozi\u021bionat pentru a oferi acces u\u0219or la toate punctele de atrac\u021bie din zon\u0103 \u0219i la numeroasele magazine din &hellip; <span class=\"more-link-wrap\"><a href=\"https:\/\/cartagena.ro\/en\/studio-cartagena-residence\/\" class=\"more-link\">Read More <span class=\"screen-reader-text\"> &#8222;Studio Cartagena Residence&#8221;<\/span><\/a><\/span><\/p>","protected":false},"author":1,"featured_media":0,"parent":0,"menu_order":0,"comment_status":"closed","ping_status":"closed","template":"page-elementor.php","meta":{"inline_featured_image":false,"slim_seo":{"title":"Studio cazare litoral Mamaia Nord","description":"Studio Cartagena Residence ofer\u0103 apartamente moderne \u00een Mamaia, ideale pentru cazare. Bucur\u0103-te de confort, elegan\u021b\u0103 \u0219i loca\u021bie excelent\u0103 aproape de plaj\u0103!"},"footnotes":""},"class_list":["post-6285","page","type-page","status-publish","hentry"],"_links":{"self":[{"href":"https:\/\/cartagena.ro\/en\/wp-json\/wp\/v2\/pages\/6285","targetHints":{"allow":["GET"]}}],"collection":[{"href":"https:\/\/cartagena.ro\/en\/wp-json\/wp\/v2\/pages"}],"about":[{"href":"https:\/\/cartagena.ro\/en\/wp-json\/wp\/v2\/types\/page"}],"author":[{"embeddable":true,"href":"https:\/\/cartagena.ro\/en\/wp-json\/wp\/v2\/users\/1"}],"replies":[{"embeddable":true,"href":"https:\/\/cartagena.ro\/en\/wp-json\/wp\/v2\/comments?post=6285"}],"version-history":[{"count":5,"href":"https:\/\/cartagena.ro\/en\/wp-json\/wp\/v2\/pages\/6285\/revisions"}],"predecessor-version":[{"id":6654,"href":"https:\/\/cartagena.ro\/en\/wp-json\/wp\/v2\/pages\/6285\/revisions\/6654"}],"wp:attachment":[{"href":"https:\/\/cartagena.ro\/en\/wp-json\/wp\/v2\/media?parent=6285"}],"curies":[{"name":"wp","href":"https:\/\/api.w.org\/{rel}","templated":true}]}}